{"id":102227,"date":"2021-12-07T18:41:12","date_gmt":"2021-12-07T17:41:12","guid":{"rendered":"http:\/\/siter.fr\/?page_id=102227"},"modified":"2024-06-27T10:43:45","modified_gmt":"2024-06-27T08:43:45","slug":"nos-missions-en-cours","status":"publish","type":"page","link":"https:\/\/siter.fr\/index.php\/nos-missions-en-cours\/","title":{"rendered":"Nos missions en cours"},"content":{"rendered":"<div class=\"wpb-content-wrapper\"><p>[vc_row][vc_column][vc_column_text uncode_shortcode_id=\u00a0\u00bb119910&Prime;]<strong>Depuis 1997,<\/strong> SITER con\u00e7oit des solutions d\u00e9cisionnelles pour le pilotage et l&rsquo;\u00e9valuation. Elles s\u2019adressent en particulier aux organisations qui souhaitent renforcer l\u2019adh\u00e9sion de l\u2019ensemble des parties prenantes et les acteurs mobilis\u00e9s en leur donnant une lisibilit\u00e9 sur les avanc\u00e9es de la strat\u00e9gie mise en \u0153uvre et une lecture de leur contribution.<\/p>\n<p>Ces outils de pilotage strat\u00e9gique sont des tableaux de bord complets qui int\u00e8grent les diff\u00e9rentes composantes d\u2019une d\u00e9marche d\u2019\u00e9valuation globale et dont la souplesse permet une prise en main facilit\u00e9e et une adaptation \u00e0 des enjeux sp\u00e9cifiques.[\/vc_column_text][\/vc_column][\/vc_row][vc_row][vc_column width=\u00a0\u00bb1\/1&Prime;][uncode_index el_id=\u00a0\u00bbindex-138111&Prime; loop=\u00a0\u00bbsize:20|order_by:date|order:ASC|post_type:post|taxonomy_count:10&Prime; screen_lg=\u00a0\u00bb1000&Prime; screen_md=\u00a0\u00bb600&Prime; screen_sm=\u00a0\u00bb480&Prime; gutter_size=\u00a0\u00bb3&Prime; post_items=\u00a0\u00bbmedia|featured|onpost|original,title,text|excerpt\u00a0\u00bb single_overlay_opacity=\u00a0\u00bb50&Prime; single_padding=\u00a0\u00bb2&Prime; uncode_shortcode_id=\u00a0\u00bb115403&Prime;][\/vc_column][\/vc_row]<\/p>\n<\/div>","protected":false},"excerpt":{"rendered":"<p>[vc_row][vc_column][vc_column_text uncode_shortcode_id=\u00a0\u00bb119910&Prime;]Depuis 1997, SITER con\u00e7oit des solutions d\u00e9cisionnelles pour le pilotage et l&rsquo;\u00e9valuation. Elles s\u2019adressent en particulier aux organisations qui [&hellip;]<\/p>\n","protected":false},"author":1,"featured_media":0,"parent":0,"menu_order":0,"comment_status":"closed","ping_status":"closed","template":"","meta":{"footnotes":""},"class_list":["post-102227","page","type-page","status-publish","hentry"],"_links":{"self":[{"href":"https:\/\/siter.fr\/index.php\/wp-json\/wp\/v2\/pages\/102227","targetHints":{"allow":["GET"]}}],"collection":[{"href":"https:\/\/siter.fr\/index.php\/wp-json\/wp\/v2\/pages"}],"about":[{"href":"https:\/\/siter.fr\/index.php\/wp-json\/wp\/v2\/types\/page"}],"author":[{"embeddable":true,"href":"https:\/\/siter.fr\/index.php\/wp-json\/wp\/v2\/users\/1"}],"replies":[{"embeddable":true,"href":"https:\/\/siter.fr\/index.php\/wp-json\/wp\/v2\/comments?post=102227"}],"version-history":[{"count":7,"href":"https:\/\/siter.fr\/index.php\/wp-json\/wp\/v2\/pages\/102227\/revisions"}],"predecessor-version":[{"id":102482,"href":"https:\/\/siter.fr\/index.php\/wp-json\/wp\/v2\/pages\/102227\/revisions\/102482"}],"wp:attachment":[{"href":"https:\/\/siter.fr\/index.php\/wp-json\/wp\/v2\/media?parent=102227"}],"curies":[{"name":"wp","href":"https:\/\/api.w.org\/{rel}","templated":true}]}}